{"id":1736,"date":"2023-09-01T08:00:34","date_gmt":"2023-09-01T08:00:34","guid":{"rendered":"https:\/\/coastestatessotogrande.com\/ueber-uns\/"},"modified":"2025-03-26T10:21:06","modified_gmt":"2025-03-26T10:21:06","slug":"ueber-uns","status":"publish","type":"page","link":"https:\/\/coastestatessotogrande.com\/de\/ueber-uns\/","title":{"rendered":"\u00dcber uns"},"content":{"rendered":"\t\t<div data-elementor-type=\"wp-page\" data-elementor-id=\"1736\" class=\"elementor elementor-1736 elementor-172\" data-elementor-post-type=\"page\">\n\t\t\t\t\t\t<section class=\"elementor-section elementor-top-section elementor-element elementor-element-9bc4abf elementor-section-full_width elementor-section-height-min-height elementor-section-height-default elementor-section-items-middle\" data-id=\"9bc4abf\" data-element_type=\"section\" data-e-type=\"section\" data-settings=\"{&quot;background_background&quot;:&quot;video&quot;,&quot;background_video_link&quot;:&quot;http:\\\/\\\/coastestatessotogrande.com\\\/wp-content\\\/uploads\\\/2023\\\/09\\\/coast-estate-sotogrande-about-us.mp4&quot;,&quot;background_play_on_mobile&quot;:&quot;yes&quot;}\">\n\t\t\t\t\t\t\t\t<div class=\"elementor-background-video-container\">\n\t\t\t\t\t\t\t\t\t\t\t\t\t<video class=\"elementor-background-video-hosted\" role=\"presentation\" autoplay muted playsinline loop><\/video>\n\t\t\t\t\t\t\t\t\t\t\t<\/div>\n\t\t\t\t\t\t\t\t<div class=\"elementor-container elementor-column-gap-default\">\n\t\t\t\t\t<div class=\"elementor-column elementor-col-100 elementor-top-column elementor-element elementor-element-05cc41a\" data-id=\"05cc41a\" data-element_type=\"column\" data-e-type=\"column\">\n\t\t\t<div class=\"elementor-widget-wrap elementor-element-populated\">\n\t\t\t\t\t\t<div class=\"elementor-element elementor-element-73dbaf0 elementor-widget elementor-widget-heading\" data-id=\"73dbaf0\" data-element_type=\"widget\" data-e-type=\"widget\" data-widget_type=\"heading.default\">\n\t\t\t\t<div class=\"elementor-widget-container\">\n\t\t\t\t\t<h2 class=\"elementor-heading-title elementor-size-default\">\u00dcber uns<\/h2>\t\t\t\t<\/div>\n\t\t\t\t<\/div>\n\t\t\t\t\t<\/div>\n\t\t<\/div>\n\t\t\t\t\t<\/div>\n\t\t<\/section>\n\t\t\t\t<section class=\"elementor-section elementor-top-section elementor-element elementor-element-a43e874 elementor-section-boxed elementor-section-height-default elementor-section-height-default\" data-id=\"a43e874\" data-element_type=\"section\" data-e-type=\"section\">\n\t\t\t\t\t\t<div class=\"elementor-container elementor-column-gap-default\">\n\t\t\t\t\t<div class=\"elementor-column elementor-col-16 elementor-top-column elementor-element elementor-element-b851675 elementor-hidden-mobile\" data-id=\"b851675\" data-element_type=\"column\" data-e-type=\"column\">\n\t\t\t<div class=\"elementor-widget-wrap\">\n\t\t\t\t\t\t\t<\/div>\n\t\t<\/div>\n\t\t\t\t<div class=\"elementor-column elementor-col-66 elementor-top-column elementor-element elementor-element-6e0dba9\" data-id=\"6e0dba9\" data-element_type=\"column\" data-e-type=\"column\">\n\t\t\t<div class=\"elementor-widget-wrap elementor-element-populated\">\n\t\t\t\t\t\t<div class=\"elementor-element elementor-element-a729012 elementor-widget elementor-widget-spacer\" data-id=\"a729012\" data-element_type=\"widget\" data-e-type=\"widget\" data-widget_type=\"spacer.default\">\n\t\t\t\t<div class=\"elementor-widget-container\">\n\t\t\t\t\t\t\t<div class=\"elementor-spacer\">\n\t\t\t<div class=\"elementor-spacer-inner\"><\/div>\n\t\t<\/div>\n\t\t\t\t\t\t<\/div>\n\t\t\t\t<\/div>\n\t\t\t\t\t<\/div>\n\t\t<\/div>\n\t\t\t\t<div class=\"elementor-column elementor-col-16 elementor-top-column elementor-element elementor-element-8b74798 elementor-hidden-mobile\" data-id=\"8b74798\" data-element_type=\"column\" data-e-type=\"column\">\n\t\t\t<div class=\"elementor-widget-wrap\">\n\t\t\t\t\t\t\t<\/div>\n\t\t<\/div>\n\t\t\t\t\t<\/div>\n\t\t<\/section>\n\t\t\t\t<section class=\"elementor-section elementor-top-section elementor-element elementor-element-5d210de elementor-section-boxed elementor-section-height-default elementor-section-height-default\" data-id=\"5d210de\" data-element_type=\"section\" data-e-type=\"section\">\n\t\t\t\t\t\t<div class=\"elementor-container elementor-column-gap-default\">\n\t\t\t\t\t<div class=\"elementor-column elementor-col-16 elementor-top-column elementor-element elementor-element-2e6d13a\" data-id=\"2e6d13a\" data-element_type=\"column\" data-e-type=\"column\">\n\t\t\t<div class=\"elementor-widget-wrap\">\n\t\t\t\t\t\t\t<\/div>\n\t\t<\/div>\n\t\t\t\t<div class=\"elementor-column elementor-col-66 elementor-top-column elementor-element elementor-element-49884a3\" data-id=\"49884a3\" data-element_type=\"column\" data-e-type=\"column\">\n\t\t\t<div class=\"elementor-widget-wrap elementor-element-populated\">\n\t\t\t\t\t\t<div class=\"elementor-element elementor-element-e31001a elementor-widget elementor-widget-image\" data-id=\"e31001a\" data-element_type=\"widget\" data-e-type=\"widget\" data-widget_type=\"image.default\">\n\t\t\t\t<div class=\"elementor-widget-container\">\n\t\t\t\t\t\t\t\t\t\t\t\t\t\t\t<img fetchpriority=\"high\" decoding=\"async\" width=\"1536\" height=\"2048\" src=\"https:\/\/coastestatessotogrande.com\/wp-content\/uploads\/2024\/05\/WhatsApp-Image-2024-05-22-at-21.02.11-e1716457248513.jpeg\" class=\"attachment-full size-full wp-image-3575\" alt=\"\" style=\"width:100%;height:133.33%;max-width:1536px\" \/>\t\t\t\t\t\t\t\t\t\t\t\t\t\t\t<\/div>\n\t\t\t\t<\/div>\n\t\t\t\t<div class=\"elementor-element elementor-element-35ceba8 elementor-widget elementor-widget-text-editor\" data-id=\"35ceba8\" data-element_type=\"widget\" data-e-type=\"widget\" data-widget_type=\"text-editor.default\">\n\t\t\t\t<div class=\"elementor-widget-container\">\n\t\t\t\t\t\t\t\t\t<p><span style=\"font-weight: 400;\">Wir sind ein kleines Team mit breitgef\u00e4cherten Erfahrungen in allen Bereichen der Immobilienbranche und arbeiten mit unseren Kunden eng und pers\u00f6nlich zusammen. Gerne w\u00fcrden wir uns kurz bei Ihnen vorstellen, um Ihnen einen kleinen Eindruck \u00fcber uns zu vermitteln.<\/span><\/p>\n\t\t\t\t\t\t\t\t<\/div>\n\t\t\t\t<\/div>\n\t\t\t\t<div class=\"elementor-element elementor-element-e61be75 elementor-widget elementor-widget-spacer\" data-id=\"e61be75\" data-element_type=\"widget\" data-e-type=\"widget\" data-widget_type=\"spacer.default\">\n\t\t\t\t<div class=\"elementor-widget-container\">\n\t\t\t\t\t\t\t<div class=\"elementor-spacer\">\n\t\t\t<div class=\"elementor-spacer-inner\"><\/div>\n\t\t<\/div>\n\t\t\t\t\t\t<\/div>\n\t\t\t\t<\/div>\n\t\t\t\t\t<\/div>\n\t\t<\/div>\n\t\t\t\t<div class=\"elementor-column elementor-col-16 elementor-top-column elementor-element elementor-element-0acbcbd\" data-id=\"0acbcbd\" data-element_type=\"column\" data-e-type=\"column\">\n\t\t\t<div class=\"elementor-widget-wrap\">\n\t\t\t\t\t\t\t<\/div>\n\t\t<\/div>\n\t\t\t\t\t<\/div>\n\t\t<\/section>\n\t\t\t\t<section class=\"elementor-section elementor-top-section elementor-element elementor-element-522f94d elementor-section-boxed elementor-section-height-default elementor-section-height-default\" data-id=\"522f94d\" data-element_type=\"section\" data-e-type=\"section\">\n\t\t\t\t\t\t<div class=\"elementor-container elementor-column-gap-default\">\n\t\t\t\t\t<div class=\"elementor-column elementor-col-33 elementor-top-column elementor-element elementor-element-90e5b13\" data-id=\"90e5b13\" data-element_type=\"column\" data-e-type=\"column\">\n\t\t\t<div class=\"elementor-widget-wrap elementor-element-populated\">\n\t\t\t\t\t\t<div class=\"elementor-element elementor-element-1b1f74b elementor-widget elementor-widget-image\" data-id=\"1b1f74b\" data-element_type=\"widget\" data-e-type=\"widget\" data-widget_type=\"image.default\">\n\t\t\t\t<div class=\"elementor-widget-container\">\n\t\t\t\t\t\t\t\t\t\t\t\t\t\t\t<img decoding=\"async\" src=\"https:\/\/coastestatessotogrande.com\/wp-content\/uploads\/2023\/09\/coast-estates-sotogrande-scaled-e1696354181520.jpg\" title=\"coast estates sotogrande\" alt=\"coast estates sotogrande\" loading=\"lazy\" \/>\t\t\t\t\t\t\t\t\t\t\t\t\t\t\t<\/div>\n\t\t\t\t<\/div>\n\t\t\t\t<div class=\"elementor-element elementor-element-f4aaf53 elementor-widget elementor-widget-heading\" data-id=\"f4aaf53\" data-element_type=\"widget\" data-e-type=\"widget\" data-widget_type=\"heading.default\">\n\t\t\t\t<div class=\"elementor-widget-container\">\n\t\t\t\t\t<h2 class=\"elementor-heading-title elementor-size-default\">Ideenreich International Erfahren Menschenorientiert.<\/h2>\t\t\t\t<\/div>\n\t\t\t\t<\/div>\n\t\t\t\t\t<\/div>\n\t\t<\/div>\n\t\t\t\t<div class=\"elementor-column elementor-col-66 elementor-top-column elementor-element elementor-element-ce73779\" data-id=\"ce73779\" data-element_type=\"column\" data-e-type=\"column\">\n\t\t\t<div class=\"elementor-widget-wrap elementor-element-populated\">\n\t\t\t\t\t\t<div class=\"elementor-element elementor-element-ebe25cb elementor-widget elementor-widget-text-editor\" data-id=\"ebe25cb\" data-element_type=\"widget\" data-e-type=\"widget\" data-widget_type=\"text-editor.default\">\n\t\t\t\t<div class=\"elementor-widget-container\">\n\t\t\t\t\t\t\t\t\t<p><em><strong>Christina Stoldt<\/strong><\/em><\/p>\n<p><span style=\"font-weight: 400;\">Schon mit dem Thema Immobilien aufgewachsen, war es immer mein Wunsch ebenfalls diesen Beruf auszu\u00fcben. Nach einem l\u00e4ngeren Aufenthalt in Australien nach dem Abitur, habe ich dann meinen Traum wahrgemacht und die Ausbildung zur Immobilienkauffrau bei Engel &amp; V\u00f6lkers in Hamburg absolviert. Anschlie\u00dfend habe ich die Leitung der Vermietung rund um die Alster bei Engel &amp; V\u00f6lkers \u00fcbernommen. Zudem konnte ich viele Erfahrungen vor allem im Verkauf von Immobilien in unserem Familienunternehmen in Hamburg sammeln. Anfang 2020 bin ich nach Sotogrande gezogen, wo ich bei der Immobilienfirma Noll Sotogrande angefangen habe und viel \u00fcber den Spanischen Immobilienmarkt und das spanische Immobilienrecht lernen konnte. In zweiter Generation international erfahren im Umgang mit Menschen und Immobilien, freue ich mich, Sie bei allen Fragen rund um die Immobilie zu unterst\u00fctzen.<\/span><\/p>\n\t\t\t\t\t\t\t\t<\/div>\n\t\t\t\t<\/div>\n\t\t\t\t\t<\/div>\n\t\t<\/div>\n\t\t\t\t\t<\/div>\n\t\t<\/section>\n\t\t\t\t<section class=\"elementor-section elementor-top-section elementor-element elementor-element-68c3f97 elementor-section-boxed elementor-section-height-default elementor-section-height-default\" data-id=\"68c3f97\" data-element_type=\"section\" data-e-type=\"section\">\n\t\t\t\t\t\t<div class=\"elementor-container elementor-column-gap-default\">\n\t\t\t\t\t<div class=\"elementor-column elementor-col-100 elementor-top-column elementor-element elementor-element-02ac010\" data-id=\"02ac010\" data-element_type=\"column\" data-e-type=\"column\">\n\t\t\t<div class=\"elementor-widget-wrap elementor-element-populated\">\n\t\t\t\t\t\t<div class=\"elementor-element elementor-element-251d3df elementor-widget elementor-widget-spacer\" data-id=\"251d3df\" data-element_type=\"widget\" data-e-type=\"widget\" data-widget_type=\"spacer.default\">\n\t\t\t\t<div class=\"elementor-widget-container\">\n\t\t\t\t\t\t\t<div class=\"elementor-spacer\">\n\t\t\t<div class=\"elementor-spacer-inner\"><\/div>\n\t\t<\/div>\n\t\t\t\t\t\t<\/div>\n\t\t\t\t<\/div>\n\t\t\t\t\t<\/div>\n\t\t<\/div>\n\t\t\t\t\t<\/div>\n\t\t<\/section>\n\t\t\t\t<section class=\"elementor-section elementor-top-section elementor-element elementor-element-d62d8a5 elementor-section-boxed elementor-section-height-default elementor-section-height-default\" data-id=\"d62d8a5\" data-element_type=\"section\" data-e-type=\"section\">\n\t\t\t\t\t\t<div class=\"elementor-container elementor-column-gap-default\">\n\t\t\t\t\t<div class=\"elementor-column elementor-col-33 elementor-top-column elementor-element elementor-element-92faaf5\" data-id=\"92faaf5\" data-element_type=\"column\" data-e-type=\"column\">\n\t\t\t<div class=\"elementor-widget-wrap elementor-element-populated\">\n\t\t\t\t\t\t<div class=\"elementor-element elementor-element-5ff8a5c elementor-widget elementor-widget-image\" data-id=\"5ff8a5c\" data-element_type=\"widget\" data-e-type=\"widget\" data-widget_type=\"image.default\">\n\t\t\t\t<div class=\"elementor-widget-container\">\n\t\t\t\t\t\t\t\t\t\t\t\t\t\t\t<img decoding=\"async\" src=\"https:\/\/coastestatessotogrande.com\/wp-content\/uploads\/2024\/05\/WhatsApp-Image-2024-05-22-at-21.02.11-1-e1716457800882.jpeg\" title=\"WhatsApp Image 2024-05-22 at 21.02.11\" alt=\"WhatsApp Image 2024-05-22 at 21.02.11\" loading=\"lazy\" \/>\t\t\t\t\t\t\t\t\t\t\t\t\t\t\t<\/div>\n\t\t\t\t<\/div>\n\t\t\t\t<div class=\"elementor-element elementor-element-77c6bdf elementor-widget elementor-widget-heading\" data-id=\"77c6bdf\" data-element_type=\"widget\" data-e-type=\"widget\" data-widget_type=\"heading.default\">\n\t\t\t\t<div class=\"elementor-widget-container\">\n\t\t\t\t\t<h2 class=\"elementor-heading-title elementor-size-default\">Dynamisch. Menschenorientiert. Positive.<\/h2>\t\t\t\t<\/div>\n\t\t\t\t<\/div>\n\t\t\t\t\t<\/div>\n\t\t<\/div>\n\t\t\t\t<div class=\"elementor-column elementor-col-66 elementor-top-column elementor-element elementor-element-fce8b52\" data-id=\"fce8b52\" data-element_type=\"column\" data-e-type=\"column\">\n\t\t\t<div class=\"elementor-widget-wrap elementor-element-populated\">\n\t\t\t\t\t\t<div class=\"elementor-element elementor-element-9f09ee2 elementor-widget elementor-widget-text-editor\" data-id=\"9f09ee2\" data-element_type=\"widget\" data-e-type=\"widget\" data-widget_type=\"text-editor.default\">\n\t\t\t\t<div class=\"elementor-widget-container\">\n\t\t\t\t\t\t\t\t\t<p><strong><em>Jose Antonio Marin Garc\u00eda<\/em><\/strong><\/p>\n<p><span style=\"font-weight: 400;\">Ich begann meine Karriere in der Immobilienbranche in der Verkaufsabteilung von Sotogrande SA, wo ich erfolgreich Einheiten in den neuen Wohngebieten Marina und La Reserva verkaufte. In dieser Position sammelte ich umfassende Erfahrungen in der Vermarktung und im Verkauf von Immobilien in Ferienanlagen. Bei Sotogrande SA wurde ich sp\u00e4ter zum Head of Guest Relations &amp; Lodging ernannt, eine Aufgabe, die viel Liebe zum Detail, Pr\u00e4zision und Genauigkeit, gro\u00dfe Verantwortung, eine positive Einstellung und eine starke kundenorientierte Pers\u00f6nlichkeit erforderte. Da ich schon immer eine gro\u00dfe Leidenschaft f\u00fcr Immobilien hatte, insbesondere f\u00fcr hochwertige Immobilien und Resorts, entschied ich mich, mich auf diesen Bereich zu konzentrieren. Ich begann ein neues Abenteuer bei Engel &amp; V\u00f6lker&#8217;s Resort in Hamburg, wo ich internationale Resort-Immobilien in Kanada, Spanien und Portugal verkaufte und solide Erfahrungen im Verkauf von Zweitwohnsitz- und Investment-Resort-Immobilien sammelte.<\/span><\/p>\n\t\t\t\t\t\t\t\t<\/div>\n\t\t\t\t<\/div>\n\t\t\t\t\t<\/div>\n\t\t<\/div>\n\t\t\t\t\t<\/div>\n\t\t<\/section>\n\t\t\t\t<section class=\"elementor-section elementor-top-section elementor-element elementor-element-bf0913d elementor-section-boxed elementor-section-height-default elementor-section-height-default\" data-id=\"bf0913d\" data-element_type=\"section\" data-e-type=\"section\">\n\t\t\t\t\t\t<div class=\"elementor-container elementor-column-gap-default\">\n\t\t\t\t\t<div class=\"elementor-column elementor-col-100 elementor-top-column elementor-element elementor-element-a24bc6b\" data-id=\"a24bc6b\" data-element_type=\"column\" data-e-type=\"column\">\n\t\t\t<div class=\"elementor-widget-wrap elementor-element-populated\">\n\t\t\t\t\t\t<div class=\"elementor-element elementor-element-06a9f99 elementor-widget elementor-widget-spacer\" data-id=\"06a9f99\" data-element_type=\"widget\" data-e-type=\"widget\" data-widget_type=\"spacer.default\">\n\t\t\t\t<div class=\"elementor-widget-container\">\n\t\t\t\t\t\t\t<div class=\"elementor-spacer\">\n\t\t\t<div class=\"elementor-spacer-inner\"><\/div>\n\t\t<\/div>\n\t\t\t\t\t\t<\/div>\n\t\t\t\t<\/div>\n\t\t\t\t\t<\/div>\n\t\t<\/div>\n\t\t\t\t\t<\/div>\n\t\t<\/section>\n\t\t\t\t<section class=\"elementor-section elementor-top-section elementor-element elementor-element-ce80931 elementor-section-boxed elementor-section-height-default elementor-section-height-default\" data-id=\"ce80931\" data-element_type=\"section\" data-e-type=\"section\">\n\t\t\t\t\t\t<div class=\"elementor-container elementor-column-gap-default\">\n\t\t\t\t\t<div class=\"elementor-column elementor-col-33 elementor-top-column elementor-element elementor-element-3d70b76\" data-id=\"3d70b76\" data-element_type=\"column\" data-e-type=\"column\">\n\t\t\t<div class=\"elementor-widget-wrap elementor-element-populated\">\n\t\t\t\t\t\t<div class=\"elementor-element elementor-element-3890419 elementor-widget elementor-widget-image\" data-id=\"3890419\" data-element_type=\"widget\" data-e-type=\"widget\" data-widget_type=\"image.default\">\n\t\t\t\t<div class=\"elementor-widget-container\">\n\t\t\t\t\t\t\t\t\t\t\t\t\t\t\t<img decoding=\"async\" src=\"https:\/\/coastestatessotogrande.com\/wp-content\/uploads\/2023\/09\/Team-coast-estates-Sotogrande-1.jpg\" title=\"Team coast estates Sotogrande\" alt=\"Team coast estates Sotogrande\" loading=\"lazy\" \/>\t\t\t\t\t\t\t\t\t\t\t\t\t\t\t<\/div>\n\t\t\t\t<\/div>\n\t\t\t\t<div class=\"elementor-element elementor-element-f67cbfe elementor-widget elementor-widget-heading\" data-id=\"f67cbfe\" data-element_type=\"widget\" data-e-type=\"widget\" data-widget_type=\"heading.default\">\n\t\t\t\t<div class=\"elementor-widget-container\">\n\t\t\t\t\t<h2 class=\"elementor-heading-title elementor-size-default\">Professionell. Erfahren. International Erfahren<\/h2>\t\t\t\t<\/div>\n\t\t\t\t<\/div>\n\t\t\t\t\t<\/div>\n\t\t<\/div>\n\t\t\t\t<div class=\"elementor-column elementor-col-66 elementor-top-column elementor-element elementor-element-111297b\" data-id=\"111297b\" data-element_type=\"column\" data-e-type=\"column\">\n\t\t\t<div class=\"elementor-widget-wrap elementor-element-populated\">\n\t\t\t\t\t\t<div class=\"elementor-element elementor-element-acec769 elementor-widget elementor-widget-text-editor\" data-id=\"acec769\" data-element_type=\"widget\" data-e-type=\"widget\" data-widget_type=\"text-editor.default\">\n\t\t\t\t<div class=\"elementor-widget-container\">\n\t\t\t\t\t\t\t\t\t<p><b><i>Kerstin Stoldt<\/i><\/b><\/p>\n<p><span style=\"font-weight: 400;\">Seit mehr als 30 Jahren vermiete und verkaufe ich Immobilien. Anfangs privat und im Freundeskreis, habe ich dann mein Hobby zum Beruf gemacht und viele Jahre f\u00fcr Engel &amp; V\u00f6lkers -erst in den Hamburger Elbvororten und dann auf Mallorca &#8211; Immobilien vermittelt. Die profunden Kenntnisse des Immobilien-, Vertrags- und Baurechts sowie der unterschiedlichsten Architekturstilrichtungen aus zwei europ\u00e4ischen L\u00e4ndern konnte ich dann als Gesch\u00e4ftsf\u00fchrerin in eine Projektgesellschaft einbringen und habe H\u00e4user entworfen, entwickelt und gebaut. So verf\u00fcge ich \u00fcber tiefgreifende Kenntnisse in allen Bereichen des Immobilienwesens und kann f\u00fcr Sie auch \u201eum die Ecke denken\u201cund das f\u00fcr Ihre ganz pers\u00f6nliche Situation passende Immobilienkonzept finden und umsetzen.<\/span><\/p>\n\t\t\t\t\t\t\t\t<\/div>\n\t\t\t\t<\/div>\n\t\t\t\t<div class=\"elementor-element elementor-element-267cebd elementor-widget elementor-widget-spacer\" data-id=\"267cebd\" data-element_type=\"widget\" data-e-type=\"widget\" data-widget_type=\"spacer.default\">\n\t\t\t\t<div class=\"elementor-widget-container\">\n\t\t\t\t\t\t\t<div class=\"elementor-spacer\">\n\t\t\t<div class=\"elementor-spacer-inner\"><\/div>\n\t\t<\/div>\n\t\t\t\t\t\t<\/div>\n\t\t\t\t<\/div>\n\t\t\t\t\t<\/div>\n\t\t<\/div>\n\t\t\t\t\t<\/div>\n\t\t<\/section>\n\t\t\t\t<section class=\"elementor-section elementor-top-section elementor-element elementor-element-11a0dad elementor-section-height-min-height elementor-section-boxed elementor-section-height-default elementor-section-items-middle\" data-id=\"11a0dad\" data-element_type=\"section\" data-e-type=\"section\" data-settings=\"{&quot;background_background&quot;:&quot;classic&quot;}\">\n\t\t\t\t\t\t<div class=\"elementor-container elementor-column-gap-default\">\n\t\t\t\t\t<div class=\"elementor-column elementor-col-100 elementor-top-column elementor-element elementor-element-28a8a39\" data-id=\"28a8a39\" data-element_type=\"column\" data-e-type=\"column\">\n\t\t\t<div class=\"elementor-widget-wrap elementor-element-populated\">\n\t\t\t\t\t\t<div class=\"elementor-element elementor-element-c790336 elementor-widget elementor-widget-heading\" data-id=\"c790336\" data-element_type=\"widget\" data-e-type=\"widget\" data-widget_type=\"heading.default\">\n\t\t\t\t<div class=\"elementor-widget-container\">\n\t\t\t\t\t<h2 class=\"elementor-heading-title elementor-size-default\">H\u00f6ren Sie auf zu suchen, fangen Sie an zu Leben.<\/h2>\t\t\t\t<\/div>\n\t\t\t\t<\/div>\n\t\t\t\t<div class=\"elementor-element elementor-element-ab90c2c elementor-align-left elementor-widget elementor-widget-button\" data-id=\"ab90c2c\" data-element_type=\"widget\" data-e-type=\"widget\" data-widget_type=\"button.default\">\n\t\t\t\t<div class=\"elementor-widget-container\">\n\t\t\t\t\t\t\t\t\t<div class=\"elementor-button-wrapper\">\n\t\t\t\t\t<a class=\"elementor-button elementor-button-link elementor-size-lg\" href=\"http:\/\/coastestatessotogrande.com\/contact\/\">\n\t\t\t\t\t\t<span class=\"elementor-button-content-wrapper\">\n\t\t\t\t\t\t\t\t\t<span class=\"elementor-button-text\">KONTAKT<\/span>\n\t\t\t\t\t<\/span>\n\t\t\t\t\t<\/a>\n\t\t\t\t<\/div>\n\t\t\t\t\t\t\t\t<\/div>\n\t\t\t\t<\/div>\n\t\t\t\t\t<\/div>\n\t\t<\/div>\n\t\t\t\t\t<\/div>\n\t\t<\/section>\n\t\t\t\t<\/div>\n\t\t","protected":false},"excerpt":{"rendered":"<p>\u00dcber uns Wir sind ein kleines Team mit breitgef\u00e4cherten Erfahrungen in allen Bereichen der Immobilienbranche und arbeiten mit unseren Kunden eng und pers\u00f6nlich zusammen. Gerne w\u00fcrden wir uns kurz bei Ihnen vorstellen, um Ihnen einen kleinen Eindruck \u00fcber uns zu vermitteln. Ideenreich International Erfahren Menschenorientiert. Christina Stoldt Schon mit dem Thema Immobilien aufgewachsen, war es&hellip; <a class=\"more-link\" href=\"https:\/\/coastestatessotogrande.com\/de\/ueber-uns\/\"><span class=\"screen-reader-text\">\u00dcber uns<\/span> weiterlesen<\/a><\/p>\n","protected":false},"author":10,"featured_media":3575,"parent":0,"menu_order":0,"comment_status":"closed","ping_status":"closed","template":"elementor_header_footer","meta":{"footnotes":""},"class_list":["post-1736","page","type-page","status-publish","has-post-thumbnail","hentry","entry"],"yoast_head":"<!-- This site is optimized with the Yoast SEO plugin v27.5 - https:\/\/yoast.com\/product\/yoast-seo-wordpress\/ -->\n<!-- \/ Yoast SEO plugin. -->","yoast_head_json":[],"_links":{"self":[{"href":"https:\/\/coastestatessotogrande.com\/de\/wp-json\/wp\/v2\/pages\/1736","targetHints":{"allow":["GET"]}}],"collection":[{"href":"https:\/\/coastestatessotogrande.com\/de\/wp-json\/wp\/v2\/pages"}],"about":[{"href":"https:\/\/coastestatessotogrande.com\/de\/wp-json\/wp\/v2\/types\/page"}],"author":[{"embeddable":true,"href":"https:\/\/coastestatessotogrande.com\/de\/wp-json\/wp\/v2\/users\/10"}],"replies":[{"embeddable":true,"href":"https:\/\/coastestatessotogrande.com\/de\/wp-json\/wp\/v2\/comments?post=1736"}],"version-history":[{"count":23,"href":"https:\/\/coastestatessotogrande.com\/de\/wp-json\/wp\/v2\/pages\/1736\/revisions"}],"predecessor-version":[{"id":5070,"href":"https:\/\/coastestatessotogrande.com\/de\/wp-json\/wp\/v2\/pages\/1736\/revisions\/5070"}],"wp:featuredmedia":[{"embeddable":true,"href":"https:\/\/coastestatessotogrande.com\/de\/wp-json\/wp\/v2\/media\/3575"}],"wp:attachment":[{"href":"https:\/\/coastestatessotogrande.com\/de\/wp-json\/wp\/v2\/media?parent=1736"}],"curies":[{"name":"wp","href":"https:\/\/api.w.org\/{rel}","templated":true}]}}