{"id":1742,"date":"2023-09-07T12:10:19","date_gmt":"2023-09-07T12:10:19","guid":{"rendered":"https:\/\/coastestatessotogrande.com\/datenschutzbestimmungen\/"},"modified":"2025-03-26T09:55:25","modified_gmt":"2025-03-26T09:55:25","slug":"datenschutzbestimmungen","status":"publish","type":"page","link":"https:\/\/coastestatessotogrande.com\/de\/datenschutzbestimmungen\/","title":{"rendered":"Datenschutz-Bestimmungen"},"content":{"rendered":"\t\t<div data-elementor-type=\"wp-page\" data-elementor-id=\"1742\" class=\"elementor elementor-1742 elementor-510\" data-elementor-post-type=\"page\">\n\t\t\t\t\t\t<section class=\"elementor-section elementor-top-section elementor-element elementor-element-712242a elementor-section-boxed elementor-section-height-default elementor-section-height-default\" data-id=\"712242a\" data-element_type=\"section\" data-e-type=\"section\">\n\t\t\t\t\t\t<div class=\"elementor-container elementor-column-gap-default\">\n\t\t\t\t\t<div class=\"elementor-column elementor-col-16 elementor-top-column elementor-element elementor-element-5388e48\" data-id=\"5388e48\" data-element_type=\"column\" data-e-type=\"column\">\n\t\t\t<div class=\"elementor-widget-wrap\">\n\t\t\t\t\t\t\t<\/div>\n\t\t<\/div>\n\t\t\t\t<div class=\"elementor-column elementor-col-66 elementor-top-column elementor-element elementor-element-ef7926d\" data-id=\"ef7926d\" data-element_type=\"column\" data-e-type=\"column\">\n\t\t\t<div class=\"elementor-widget-wrap elementor-element-populated\">\n\t\t\t\t\t\t<div class=\"elementor-element elementor-element-e0255d3 elementor-widget elementor-widget-text-editor\" data-id=\"e0255d3\" data-element_type=\"widget\" data-e-type=\"widget\" data-widget_type=\"text-editor.default\">\n\t\t\t\t<div class=\"elementor-widget-container\">\n\t\t\t\t\t\t\t\t\t<h1><span style=\"font-weight: 400;\">Datenschutz-Bestimmungen<\/span><\/h1>\n<h1> <\/h1>\n<h1><span style=\"font-weight: 400;\">Allgemeine Gesch\u00e4ftsbedingungen f\u00fcr die Website-Nutzung<\/span><\/h1>\n<p><span style=\"font-weight: 400;\">Coast Estates Sotogrande wird von Coast Estates Sotogrande S.L. betrieben. In \u00dcbereinstimmung mit der Verordnung 2016\/679 des Europ\u00e4ischen Parlaments und des Rates 2016\/679 informiert Coast Estates Sotogrande SL Sie hiermit, dass die Website www.coastestatessotogrande.com das alleinige Eigentum von Coast Estates Sotogrande SL ist, mit Steueridentifikationsnummer (CIF) B06861777 und eingetragene Adresse in Edificio Ayala, Primera planta oficina 23, Calle Altamira 5, 11311 Pueblo Nuevo Guadiaro, San Roque, Cadiz, Spanien. Die Kontakt-E-Mail-Adresse des Unternehmens lautet: contact@coastestatessotogrande.com.<\/span><\/p>\n<h2> <\/h2>\n<h2><span style=\"font-weight: 400;\">Haftungsausschluss:<\/span><\/h2>\n<p><span style=\"font-weight: 400;\">Die von uns auf www.coastestatessotogrande.com (die \u201eSite\u201c) bereitgestellten Informationen dienen nur allgemeinen Informationszwecken. Alle Informationen auf der Website werden in gutem Glauben bereitgestellt, jedoch geben wir keine ausdr\u00fcckliche oder stillschweigende Zusicherung oder Gew\u00e4hrleistung hinsichtlich der Genauigkeit, Angemessenheit, G\u00fcltigkeit, Zuverl\u00e4ssigkeit, Verf\u00fcgbarkeit oder Vollst\u00e4ndigkeit der Informationen auf der Website ab. Unter keinen Umst\u00e4nden haften wir Ihnen gegen\u00fcber f\u00fcr Verluste oder Sch\u00e4den jeglicher Art, die durch die Nutzung der Website oder das Vertrauen auf die auf der Website bereitgestellten Informationen entstehen. <\/span><\/p>\n<\/p>\n<p><span style=\"font-weight: 400;\">Ihre Nutzung der Website und Ihr Vertrauen in die Informationen auf der Website erfolgen ausschlie\u00dflich auf Ihr eigenes Risiko.<\/span><\/p>\n<p><span style=\"font-weight: 400;\">Die Site kann und enth\u00e4lt keine Rechtsberatung. Die bereitgestellten rechtlichen Informationen dienen ausschlie\u00dflich allgemeinen Informationszwecken und ersetzen keine Rechtsberatung.<\/span><\/p>\n<p><span style=\"font-weight: 400;\">Dementsprechend empfehlen wir Ihnen, sich an die entsprechenden Rechtsexperten zu wenden, bevor Sie auf der Grundlage solcher Informationen Ma\u00dfnahmen ergreifen. Wir bieten keine Rechtsberatung an. Die Verwendung oder das Vertrauen auf die auf der Website enthaltenen Informationen erfolgt ausschlie\u00dflich auf Ihr Risiko.<\/span><\/p>\n<h2> <\/h2>\n<h2><span style=\"font-weight: 400;\">Links zu anderen Websites und Haftungsausschl\u00fcsse<\/span><\/h2>\n<p><span style=\"font-weight: 400;\">Coast Estates Sotogrande S.L. ist nicht verantwortlich f\u00fcr den Inhalt von Websites Dritter, auf die der Benutzer \u00fcber die auf seinen Websites enthaltenen Links zugreifen kann, und erkl\u00e4rt hiermit, dass Coast Estates Sotogrande S.L. den Inhalt anderer Seiten im Internet zu pr\u00fcfen oder jede Art von Kontrolle dar\u00fcber auszu\u00fcben.<\/span><\/p>\n<p><span style=\"font-weight: 400;\">Auch Coast Estates Sotogrande S.L. \u00fcbernimmt keine Garantie f\u00fcr die technische Verf\u00fcgbarkeit, Genauigkeit, G\u00fcltigkeit oder Rechtm\u00e4\u00dfigkeit von Seiten, die nicht dem Unternehmen geh\u00f6ren und auf die \u00fcber die Links zugegriffen werden kann.<\/span><\/p>\n<h2> <\/h2>\n<h2><span style=\"font-weight: 400;\">Klage, Recht und Zust\u00e4ndigkeit<\/span><\/h2>\n<p><span style=\"font-weight: 400;\">Die Beziehung zwischen dem Benutzer und Coast Estates Sotogrande S.L. unterliegt spanischem Recht, und alle Streitigkeiten in Bezug auf diese Allgemeinen Gesch\u00e4ftsbedingungen, die zwischen dem Benutzer und Coast Estates Sotogrande S.L. unterliegen der Gerichtsbarkeit der Gerichte von San Roque, Cadiz, Spanien.<\/span><\/p>\n<h2> <\/h2>\n<h2><span style=\"font-weight: 400;\">Datenschutz-Bestimmungen<\/span><\/h2>\n<p><span style=\"font-weight: 400;\">Alle personenbezogenen Daten, die Sie uns \u00fcbermitteln, und deren Aktualisierungen werden von Coast Estates Sotogrande SL mit Sitz in Edificio Ayala, Primera planta oficina 23, Calle Altamira 5, 11311 Pueblo Nuevo Guadiaro, San Roque, Cadiz, Spanien, verarbeitet. dessen Datenschutzbeauftragter unter contact@coastestatessotogrande.com erreichbar ist. Die Verarbeitung dieser Daten richtet sich nach dieser Datenschutzerkl\u00e4rung.<\/span><\/p>\n<\/p>\n<p><span style=\"font-weight: 400;\">Coast Estates Sotogrande S.L. verarbeitet die von Ihnen bereitgestellten personenbezogenen Daten, um Ihre Vertrags- oder Gesch\u00e4ftsbeziehung oder beides mit Coast Estates Sotogrande S.L. zu verwalten und Sie regelm\u00e4\u00dfig, auch elektronisch, \u00fcber Immobilien und Aktivit\u00e4ten im Rahmen von Coast Estates Sotogrande S.L. zu informieren. kommerzielle Aktivit\u00e4ten.<\/span><\/p>\n<\/p>\n<p><span style=\"font-weight: 400;\">Die Rechtsgrundlage f\u00fcr die Verarbeitung Ihrer Daten ist die Durchsetzung des Vertragsverh\u00e4ltnisses, Coast Estates Sotogrande S.L. berechtigtes Interesse an der Aufrechterhaltung der Beziehung zu Ihnen oder dem Unternehmen, dem Sie angeh\u00f6ren, und ggf. Ihre Einwilligung. Wenn Sie uns personenbezogene Daten von Dritten zur Verf\u00fcgung stellen, m\u00fcssen Sie diese zuvor \u00fcber deren Einbeziehung und den Inhalt dieser Datenschutzrichtlinie informiert haben, und Sie haften pers\u00f6nlich gegen\u00fcber Coast Estates Sotogrande S.L. f\u00fcr alle Sch\u00e4den und Verluste, die im Falle eines Versto\u00dfes entstehen. Coast Estates Sotogrande S.L. wird keine Daten an Dritte weitergeben, es sei denn, dies ist unbedingt erforderlich, um die Interessen der Kunden zu verteidigen und Ihre Beziehung zu Coast Estates Sotogrande S.L. zu verwalten und aufrechtzuerhalten, oder es sei denn, Sie haben uns zuvor zugestimmt.<\/span><\/p>\n<h2> <\/h2>\n<h2><span style=\"font-weight: 400;\">Website-Cookies<\/span><\/h2>\n<p><span style=\"font-weight: 400;\">Coast Estates Sotogrande S.L. beh\u00e4lt sich das Recht vor, Cookies zu setzen, w\u00e4hrend der Benutzer auf den Webseiten des Unternehmens navigiert, um die Personalisierung zu verbessern und die Navigation auf der Seite zu unterst\u00fctzen. In \u00dcbereinstimmung mit der Datenschutzpolitik des Unternehmens erkl\u00e4rt Coast Estates Sotogrande, dass die Cookies mit dem anonymen Benutzer und seinem Ger\u00e4t verbunden sind und nicht von sich aus Zugang zum Namen und Nachnamen des Benutzers bieten. Der Nutzer hat die M\u00f6glichkeit, seinen Internet-Browser so einzustellen, dass er die Verwendung von Cookies meldet, und kann so den Zugriff auf seine Festplatte blockieren. Die Verwendung von Cookies ist jedoch nicht erforderlich, um auf die Websites von Coast Estates Sotogrande S.L. zuzugreifen.<\/span><\/p>\n<h2> <\/h2>\n<h2><span style=\"font-weight: 400;\">Google Analytics<\/span><\/h2>\n<p><span style=\"font-weight: 400;\">Wenn jemand www.coastestatessotogrande.com besucht, verwenden wir einen Drittanbieterdienst, Google Analytics, um Standard-Internetprotokolldaten und Einzelheiten \u00fcber das Besucherverhalten zu sammeln. Diese Informationen werden nur in einer Weise verarbeitet, die keine R\u00fcckschl\u00fcsse auf die Person zul\u00e4sst. Wir unternehmen keinen Versuch, die Identit\u00e4t der Besucher unserer Website herauszufinden.<\/span><\/p>\n<h2> <\/h2>\n<h2><span style=\"font-weight: 400;\">Mailing-Listen<\/span><\/h2>\n<p><span style=\"font-weight: 400;\">Im Rahmen der Registrierung f\u00fcr unsere E-Newsletter erheben wir personenbezogene Daten. Coast Estates Sotogrande S.L. verarbeitet die von Ihnen zur Verf\u00fcgung gestellten personenbezogenen Daten, um Ihre vertragliche oder gesch\u00e4ftliche Beziehung oder beides mit Coast Estates Sotogrande S.L. zu verwalten und um Sie regelm\u00e4\u00dfig, auch elektronisch, \u00fcber Immobilien und Aktivit\u00e4ten im Rahmen der gesch\u00e4ftlichen Aktivit\u00e4ten von Coast Estates Sotogrande S.L. zu informieren.<\/span><\/p>\n<\/p>\n<p><span style=\"font-weight: 400;\">Wir verwenden einen Drittanbieter, MailChimp, um unsere E-Newsletter zu versenden. Wir sammeln Statistiken \u00fcber das \u00d6ffnen und Anklicken von E-Mails mit Hilfe von Industriestandardtechnologien, um unsere E-Newsletter zu \u00fcberwachen und zu verbessern. Weitere Informationen finden Sie in den Datenschutzbestimmungen von MailChimp. Sie k\u00f6nnen allgemeine Mailings jederzeit abbestellen, indem Sie auf den Link zum Abbestellen am Ende jedes unserer E-Newsletter klicken oder eine E-Mail an unseren Datenschutzbeauftragten senden <\/span><a href=\"mailto:contact@coastestatessotogrande.com\"><span style=\"font-weight: 400;\">contact@coastestatessotogrande.com<\/span><\/a><span style=\"font-weight: 400;\">.<\/span><\/p>\n<\/p>\n<p><span style=\"font-weight: 400;\">Nach geltendem Recht k\u00f6nnen Sie jederzeit Ihr Recht auf Zugang, Berichtigung oder L\u00f6schung von Daten wahrnehmen, die Einschr\u00e4nkung der Verarbeitung verlangen, Widerspruch einlegen oder die Daten\u00fcbertragbarkeit beantragen, indem Sie eine schriftliche Mitteilung an Coast Estates Sotogrande S.L. senden, Edificio Ayala, Primera planta oficina 23, Calle Altamira 5, 11311 Pueblo Nuevo Guadiaro, San Roque, C\u00e1diz, Spanien, oder per E-Mail an contact@coastestatessotogrande.com unter deutlicher Angabe des Rechts, das Sie aus\u00fcben m\u00f6chten, und unter Beif\u00fcgung einer Kopie Ihres Personalausweises oder eines \u00e4hnlichen Dokuments zum Nachweis Ihrer Identit\u00e4t. Sie k\u00f6nnen auch eine Beschwerde bei der spanischen Datenschutzbeh\u00f6rde einreichen.<\/span><\/p>\n\t\t\t\t\t\t\t\t<\/div>\n\t\t\t\t<\/div>\n\t\t\t\t\t<\/div>\n\t\t<\/div>\n\t\t\t\t<div class=\"elementor-column elementor-col-16 elementor-top-column elementor-element elementor-element-e30c71a\" data-id=\"e30c71a\" data-element_type=\"column\" data-e-type=\"column\">\n\t\t\t<div class=\"elementor-widget-wrap\">\n\t\t\t\t\t\t\t<\/div>\n\t\t<\/div>\n\t\t\t\t\t<\/div>\n\t\t<\/section>\n\t\t\t\t<\/div>\n\t\t","protected":false},"excerpt":{"rendered":"<p>Datenschutz-Bestimmungen Allgemeine Gesch\u00e4ftsbedingungen f\u00fcr die Website-Nutzung Coast Estates Sotogrande wird von Coast Estates Sotogrande S.L. betrieben. In \u00dcbereinstimmung mit der Verordnung 2016\/679 des Europ\u00e4ischen Parlaments und des Rates 2016\/679 informiert Coast Estates Sotogrande SL Sie hiermit, dass die Website www.coastestatessotogrande.com das alleinige Eigentum von Coast Estates Sotogrande SL ist, mit Steueridentifikationsnummer (CIF) B06861777 und eingetragene&hellip; <a class=\"more-link\" href=\"https:\/\/coastestatessotogrande.com\/de\/datenschutzbestimmungen\/\"><span class=\"screen-reader-text\">Datenschutz-Bestimmungen<\/span> weiterlesen<\/a><\/p>\n","protected":false},"author":10,"featured_media":0,"parent":0,"menu_order":0,"comment_status":"closed","ping_status":"closed","template":"elementor_header_footer","meta":{"footnotes":""},"class_list":["post-1742","page","type-page","status-publish","hentry","entry"],"yoast_head":"<!-- This site is optimized with the Yoast SEO plugin v27.5 - https:\/\/yoast.com\/product\/yoast-seo-wordpress\/ -->\n<!-- \/ Yoast SEO plugin. -->","yoast_head_json":[],"_links":{"self":[{"href":"https:\/\/coastestatessotogrande.com\/de\/wp-json\/wp\/v2\/pages\/1742","targetHints":{"allow":["GET"]}}],"collection":[{"href":"https:\/\/coastestatessotogrande.com\/de\/wp-json\/wp\/v2\/pages"}],"about":[{"href":"https:\/\/coastestatessotogrande.com\/de\/wp-json\/wp\/v2\/types\/page"}],"author":[{"embeddable":true,"href":"https:\/\/coastestatessotogrande.com\/de\/wp-json\/wp\/v2\/users\/10"}],"replies":[{"embeddable":true,"href":"https:\/\/coastestatessotogrande.com\/de\/wp-json\/wp\/v2\/comments?post=1742"}],"version-history":[{"count":7,"href":"https:\/\/coastestatessotogrande.com\/de\/wp-json\/wp\/v2\/pages\/1742\/revisions"}],"predecessor-version":[{"id":5064,"href":"https:\/\/coastestatessotogrande.com\/de\/wp-json\/wp\/v2\/pages\/1742\/revisions\/5064"}],"wp:attachment":[{"href":"https:\/\/coastestatessotogrande.com\/de\/wp-json\/wp\/v2\/media?parent=1742"}],"curies":[{"name":"wp","href":"https:\/\/api.w.org\/{rel}","templated":true}]}}