{"id":1763,"date":"2023-09-07T12:10:19","date_gmt":"2023-09-07T12:10:19","guid":{"rendered":"https:\/\/coastestatessotogrande.com\/politica-de-privacidad\/"},"modified":"2025-03-26T10:31:51","modified_gmt":"2025-03-26T10:31:51","slug":"politica-de-privacidad","status":"publish","type":"page","link":"https:\/\/coastestatessotogrande.com\/es\/politica-de-privacidad\/","title":{"rendered":"Pol\u00edtica de privacidad"},"content":{"rendered":"\t\t<div data-elementor-type=\"wp-page\" data-elementor-id=\"1763\" class=\"elementor elementor-1763 elementor-510\" data-elementor-post-type=\"page\">\n\t\t\t\t\t\t<section class=\"elementor-section elementor-top-section elementor-element elementor-element-712242a elementor-section-boxed elementor-section-height-default elementor-section-height-default\" data-id=\"712242a\" data-element_type=\"section\" data-e-type=\"section\">\n\t\t\t\t\t\t<div class=\"elementor-container elementor-column-gap-default\">\n\t\t\t\t\t<div class=\"elementor-column elementor-col-16 elementor-top-column elementor-element elementor-element-5388e48\" data-id=\"5388e48\" data-element_type=\"column\" data-e-type=\"column\">\n\t\t\t<div class=\"elementor-widget-wrap\">\n\t\t\t\t\t\t\t<\/div>\n\t\t<\/div>\n\t\t\t\t<div class=\"elementor-column elementor-col-66 elementor-top-column elementor-element elementor-element-ef7926d\" data-id=\"ef7926d\" data-element_type=\"column\" data-e-type=\"column\">\n\t\t\t<div class=\"elementor-widget-wrap elementor-element-populated\">\n\t\t\t\t\t\t<div class=\"elementor-element elementor-element-e0255d3 elementor-widget elementor-widget-text-editor\" data-id=\"e0255d3\" data-element_type=\"widget\" data-e-type=\"widget\" data-widget_type=\"text-editor.default\">\n\t\t\t\t<div class=\"elementor-widget-container\">\n\t\t\t\t\t\t\t\t\t<h1><span style=\"font-weight: 400;\">POL\u00cdTICA DE PRIVACIDAD<\/span><\/h1>\n<h1> <\/h1>\n<h1><span style=\"font-weight: 400;\">Condiciones de uso del sitio web<\/span><\/h1>\n<p><span style=\"font-weight: 400;\">Coast Estates Sotogrande es operado por Coast Estates Sotogrande S.L.. De conformidad con el Reglamento 2016\/679 del Parlamento Europeo y del Consejo 2016\/679, Coast Estates Sotogrande S.L., le informa que el sitio web www.coastestatessotogrande.com es propiedad exclusiva de Coast Estates Sotogrande S.L., con CIF B06861777 y domicilio social en Edificio Ayala, Primera planta oficina 23, Calle Altamira 5, 11311 Pueblo Nuevo Guadiaro, San Roque, C\u00e1diz, Espa\u00f1a. La direcci\u00f3n de correo electr\u00f3nico de contacto con la empresa es: contact@coastestatessotogrande.com.<\/span><\/p>\n<h2> <\/h2>\n<h2><span style=\"font-weight: 400;\">Aviso legal<\/span><\/h2>\n<p><span style=\"font-weight: 400;\">La informaci\u00f3n que proporcionamos en www.coastestatessotogrande.com (el \u00abSitio\u00bb) tiene \u00fanicamente fines informativos generales. Toda la informaci\u00f3n contenida en el Sitio se facilita de buena fe; sin embargo, no ofrecemos ninguna declaraci\u00f3n ni garant\u00eda de ning\u00fan tipo, expresa o impl\u00edcita, en relaci\u00f3n con la exactitud, adecuaci\u00f3n, validez, fiabilidad, disponibilidad o integridad de la informaci\u00f3n contenida en el Sitio. En ning\u00fan caso seremos responsables ante usted por p\u00e9rdidas o da\u00f1os de cualquier tipo derivados del uso del sitio o de la confianza depositada en la informaci\u00f3n proporcionada en el mismo.  <\/span><\/p>\n<\/p>\n<p><span style=\"font-weight: 400;\">El uso que usted haga del sitio y la confianza que deposite en la informaci\u00f3n contenida en el mismo ser\u00e1n por su cuenta y riesgo.<\/span><\/p>\n<p><span style=\"font-weight: 400;\">El Sitio no puede contener ni contiene ning\u00fan tipo de asesoramiento jur\u00eddico. La informaci\u00f3n jur\u00eddica facilitada tiene \u00fanicamente fines informativos generales y no sustituye al asesoramiento jur\u00eddico.<\/span><\/p>\n<p><span style=\"font-weight: 400;\">Por consiguiente, antes de emprender cualquier acci\u00f3n basada en dicha informaci\u00f3n, le recomendamos que consulte con los profesionales jur\u00eddicos adecuados. No proporcionamos asesoramiento jur\u00eddico. El uso o la confianza depositada en cualquier informaci\u00f3n contenida en el sitio corre exclusivamente por su cuenta y riesgo.<\/span><\/p>\n<h2> <\/h2>\n<h2><span style=\"font-weight: 400;\">Enlaces a otros sitios web y exenci\u00f3n de responsabilidad<\/span><\/h2>\n<p><span style=\"font-weight: 400;\">Coast Estates Sotogrande S.L. no se hace responsable del contenido de los sitios web de terceros a los que el usuario pueda acceder a trav\u00e9s de los enlaces establecidos en sus sitios web y declara que en ning\u00fan caso Coast Estates Sotogrande S.L. proceder\u00e1 a examinar o ejercitar ning\u00fan tipo de control sobre el contenido de otros sitios de la red.<\/span><\/p>\n<p><span style=\"font-weight: 400;\">Asimismo, Coast Estates Sotogrande S.L. no garantizar\u00e1 la disponibilidad t\u00e9cnica, exactitud, validez o legalidad de p\u00e1ginas ajenas a la empresa a las que se pueda acceder por medio de los enlaces.<\/span><\/p>\n<h2> <\/h2>\n<h2><span style=\"font-weight: 400;\">Acciones judiciales, legislaci\u00f3n y jurisdicci\u00f3n<\/span><\/h2>\n<p><span style=\"font-weight: 400;\">La relaci\u00f3n entre el usuario y Coast Estates Sotogrande S.L. se regir\u00e1 por la legislaci\u00f3n espa\u00f1ola, y cualquier controversia relacionada con estos t\u00e9rminos y condiciones que pueda surgir entre el usuario y Coast Estates Sotogrande S.L. se someter\u00e1 a la jurisdicci\u00f3n de los tribunales de San Roque, C\u00e1diz, Espa\u00f1a.<\/span><\/p>\n<h2> <\/h2>\n<h2><span style=\"font-weight: 400;\">Pol\u00edtica de privacidad<\/span><\/h2>\n<p><span style=\"font-weight: 400;\">Cualquier dato personal que nos facilite y, cualquier actualizaci\u00f3n de los mismos, ser\u00e1 procesado por Coast Estates Sotogrande S.L., con domicilio social en Edificio Ayala, Primera planta oficina 23, Calle Altamira 5, 11311 Pueblo Nuevo Guadiaro, San Roque, C\u00e1diz, Espa\u00f1a, cuyo responsable de protecci\u00f3n de datos puede ser contactado en contact@coastestatessotogrande.com. El tratamiento de estos datos se rige por la presente pol\u00edtica de privacidad.<\/span><\/p>\n<\/p>\n<p><span style=\"font-weight: 400;\">Coast Estates Sotogrande S.L. tratar\u00e1 los datos personales que nos facilite para gestionar su relaci\u00f3n contractual o comercial, o ambas, con Coast Estates Sotogrande S.L., as\u00ed como para informarle peri\u00f3dicamente, incluso por v\u00eda electr\u00f3nica, sobre propiedades y actividades en el \u00e1mbito de la actividad comercial de Coast Estates Sotogrande S.L..<\/span><\/p>\n<\/p>\n<p><span style=\"font-weight: 400;\">La base legal para el tratamiento de sus datos es el cumplimiento de la relaci\u00f3n contractual, el inter\u00e9s leg\u00edtimo de Coast Estates Sotogrande S.L. en el mantenimiento de la relaci\u00f3n con usted o la empresa a la que pertenece y, en su caso, su consentimiento. Si nos facilita datos de car\u00e1cter personal de terceros, deber\u00e1 haberles informado previamente de su inclusi\u00f3n y del contenido de la presente Pol\u00edtica de Privacidad, respondiendo personalmente frente a Coast Estates Sotogrande S.L. de los da\u00f1os y perjuicios causados en caso de incumplimiento. Coast Estates Sotogrande S.L. no ceder\u00e1 los datos a terceros, salvo que sea estrictamente necesario para la defensa de los intereses del cliente, y la gesti\u00f3n y mantenimiento de su relaci\u00f3n con Coast Estates Sotogrande S.L., o nos haya otorgado previamente su consentimiento.<\/span><\/p>\n<h2> <\/h2>\n<h2><span style=\"font-weight: 400;\">Cookies del sitio web<\/span><\/h2>\n<p><span style=\"font-weight: 400;\">Coast Estates Sotogrande S.L. se reserva el derecho de colocar cookies mientras el usuario navega por los sitios web de la empresa para mejorar la personalizaci\u00f3n y ayudar a la navegaci\u00f3n por el sitio. De acuerdo con la pol\u00edtica de protecci\u00f3n de datos de la empresa, Coast Estates Sotogrande informa que las cookies se asocian al usuario an\u00f3nimo y a su dispositivo, y no proporcionan por s\u00ed el acceso al nombre y apellidos del usuario. El usuario tiene la posibilidad de configurar su navegador de Internet para que notifique el uso de cookies y, de este modo, pueda bloquear el acceso a su disco duro. Sin embargo, el uso de cookies no es necesario para acceder a los sitios web de Coast Estates Sotogrande S.L..<\/span><\/p>\n<h2> <\/h2>\n<h2><span style=\"font-weight: 400;\">Google Analytics<\/span><\/h2>\n<p><span style=\"font-weight: 400;\">Cuando alguien visita www.coastestatessotogrande.com, utilizamos un servicio de terceros, Google Analytics, para recopilar informaci\u00f3n de registro est\u00e1ndar de Internet y detalles sobre los patrones de comportamiento de los visitantes. Esta informaci\u00f3n s\u00f3lo se procesa de forma que no identifique a nadie. No intentamos averiguar la identidad de las personas que visitan nuestro sitio web.<\/span><\/p>\n<h2> <\/h2>\n<h2><span style=\"font-weight: 400;\">Listas de correo<\/span><\/h2>\n<p><span style=\"font-weight: 400;\">Como parte del proceso de registro para recibir nuestros boletines electr\u00f3nicos, recopilamos informaci\u00f3n personal. Coast Estates Sotogrande S.L. tratar\u00e1 los datos personales que nos facilite para gestionar su relaci\u00f3n contractual o comercial, o ambas, con Coast Estates Sotogrande S.L., as\u00ed como para informarle peri\u00f3dicamente, incluso por v\u00eda electr\u00f3nica, sobre propiedades y actividades en el \u00e1mbito de la actividad comercial de Coast Estates Sotogrande S.L..<\/span><\/p>\n<\/p>\n<p><span style=\"font-weight: 400;\">Utilizamos un proveedor externo, MailChimp, para enviar nuestros boletines electr\u00f3nicos. Recopilamos estad\u00edsticas sobre la apertura y los clics de los correos electr\u00f3nicos utilizando tecnolog\u00edas est\u00e1ndar del sector que nos ayudan a supervisar y mejorar nuestros boletines electr\u00f3nicos. Para m\u00e1s informaci\u00f3n, consulte el aviso de privacidad de MailChimp. Puede darse de baja de los env\u00edos generales en cualquier momento del d\u00eda o de la noche haciendo clic en el enlace para darse de baja que aparece al final de cualquiera de nuestros boletines electr\u00f3nicos o enviando un correo electr\u00f3nico a nuestro responsable de protecci\u00f3n de datos a la direcci\u00f3n  <\/span><a href=\"mailto:contact@coastestatessotogrande.com\"><br \/>\n  <span style=\"font-weight: 400;\">contact@coastestatessotogrande.com<\/span><br \/>\n<\/a><span style=\"font-weight: 400;\">.<\/span><\/p>\n<\/p>\n<p><span style=\"font-weight: 400;\">De acuerdo con la legislaci\u00f3n vigente, usted podr\u00e1 ejercer sus derechos de acceso, rectificaci\u00f3n o supresi\u00f3n de datos, solicitar la limitaci\u00f3n del tratamiento, oponerse al mismo o solicitar la portabilidad de los datos, en cualquier momento, mediante comunicaci\u00f3n escrita dirigida a Coast Estates Sotogrande S.L., en Edificio Ayala, Primera planta oficina 23, Calle Altamira 5, 11311 Pueblo Nuevo Guadiaro, San Roque, C\u00e1diz, Espa\u00f1a o enviando un correo electr\u00f3nico a contact@coastestatessotogrande.com, indicando claramente el derecho que desea ejercitar y adjuntando copia de su documento nacional de identidad o documento an\u00e1logo que acredite su identidad. Tambi\u00e9n puede presentar una reclamaci\u00f3n ante la Agencia Espa\u00f1ola de Protecci\u00f3n de Datos.<\/span><\/p>\n\t\t\t\t\t\t\t\t<\/div>\n\t\t\t\t<\/div>\n\t\t\t\t\t<\/div>\n\t\t<\/div>\n\t\t\t\t<div class=\"elementor-column elementor-col-16 elementor-top-column elementor-element elementor-element-e30c71a\" data-id=\"e30c71a\" data-element_type=\"column\" data-e-type=\"column\">\n\t\t\t<div class=\"elementor-widget-wrap\">\n\t\t\t\t\t\t\t<\/div>\n\t\t<\/div>\n\t\t\t\t\t<\/div>\n\t\t<\/section>\n\t\t\t\t<\/div>\n\t\t","protected":false},"excerpt":{"rendered":"<p>POL\u00cdTICA DE PRIVACIDAD Condiciones de uso del sitio web Coast Estates Sotogrande es operado por Coast Estates Sotogrande S.L.. De conformidad con el Reglamento 2016\/679 del Parlamento Europeo y del Consejo 2016\/679, Coast Estates Sotogrande S.L., le informa que el sitio web www.coastestatessotogrande.com es propiedad exclusiva de Coast Estates Sotogrande S.L., con CIF B06861777 y&hellip; <a class=\"more-link\" href=\"https:\/\/coastestatessotogrande.com\/es\/politica-de-privacidad\/\">Seguir leyendo <span class=\"screen-reader-text\">Pol\u00edtica de privacidad<\/span><\/a><\/p>\n","protected":false},"author":10,"featured_media":0,"parent":0,"menu_order":0,"comment_status":"closed","ping_status":"closed","template":"elementor_header_footer","meta":{"footnotes":""},"class_list":["post-1763","page","type-page","status-publish","hentry","entry"],"yoast_head":"<!-- This site is optimized with the Yoast SEO plugin v27.5 - https:\/\/yoast.com\/product\/yoast-seo-wordpress\/ -->\n<!-- \/ Yoast SEO plugin. -->","yoast_head_json":[],"_links":{"self":[{"href":"https:\/\/coastestatessotogrande.com\/es\/wp-json\/wp\/v2\/pages\/1763","targetHints":{"allow":["GET"]}}],"collection":[{"href":"https:\/\/coastestatessotogrande.com\/es\/wp-json\/wp\/v2\/pages"}],"about":[{"href":"https:\/\/coastestatessotogrande.com\/es\/wp-json\/wp\/v2\/types\/page"}],"author":[{"embeddable":true,"href":"https:\/\/coastestatessotogrande.com\/es\/wp-json\/wp\/v2\/users\/10"}],"replies":[{"embeddable":true,"href":"https:\/\/coastestatessotogrande.com\/es\/wp-json\/wp\/v2\/comments?post=1763"}],"version-history":[{"count":5,"href":"https:\/\/coastestatessotogrande.com\/es\/wp-json\/wp\/v2\/pages\/1763\/revisions"}],"predecessor-version":[{"id":5088,"href":"https:\/\/coastestatessotogrande.com\/es\/wp-json\/wp\/v2\/pages\/1763\/revisions\/5088"}],"wp:attachment":[{"href":"https:\/\/coastestatessotogrande.com\/es\/wp-json\/wp\/v2\/media?parent=1763"}],"curies":[{"name":"wp","href":"https:\/\/api.w.org\/{rel}","templated":true}]}}