{"id":1768,"date":"2023-09-01T08:00:34","date_gmt":"2023-09-01T08:00:34","guid":{"rendered":"https:\/\/coastestatessotogrande.com\/quienes-somos\/"},"modified":"2025-03-26T10:35:07","modified_gmt":"2025-03-26T10:35:07","slug":"quienes-somos","status":"publish","type":"page","link":"https:\/\/coastestatessotogrande.com\/es\/quienes-somos\/","title":{"rendered":"Qui\u00e9nes somos"},"content":{"rendered":"\t\t<div data-elementor-type=\"wp-page\" data-elementor-id=\"1768\" class=\"elementor elementor-1768 elementor-172\" data-elementor-post-type=\"page\">\n\t\t\t\t\t\t<section class=\"elementor-section elementor-top-section elementor-element elementor-element-9bc4abf elementor-section-full_width elementor-section-height-min-height elementor-section-height-default elementor-section-items-middle\" data-id=\"9bc4abf\" data-element_type=\"section\" data-e-type=\"section\" data-settings=\"{&quot;background_background&quot;:&quot;video&quot;,&quot;background_video_link&quot;:&quot;http:\\\/\\\/coastestatessotogrande.com\\\/wp-content\\\/uploads\\\/2023\\\/09\\\/coast-estate-sotogrande-about-us.mp4&quot;,&quot;background_play_on_mobile&quot;:&quot;yes&quot;}\">\n\t\t\t\t\t\t\t\t<div class=\"elementor-background-video-container\">\n\t\t\t\t\t\t\t\t\t\t\t\t\t<video class=\"elementor-background-video-hosted\" role=\"presentation\" autoplay muted playsinline loop><\/video>\n\t\t\t\t\t\t\t\t\t\t\t<\/div>\n\t\t\t\t\t\t\t\t<div class=\"elementor-container elementor-column-gap-default\">\n\t\t\t\t\t<div class=\"elementor-column elementor-col-100 elementor-top-column elementor-element elementor-element-05cc41a\" data-id=\"05cc41a\" data-element_type=\"column\" data-e-type=\"column\">\n\t\t\t<div class=\"elementor-widget-wrap elementor-element-populated\">\n\t\t\t\t\t\t<div class=\"elementor-element elementor-element-73dbaf0 elementor-widget elementor-widget-heading\" data-id=\"73dbaf0\" data-element_type=\"widget\" data-e-type=\"widget\" data-widget_type=\"heading.default\">\n\t\t\t\t<div class=\"elementor-widget-container\">\n\t\t\t\t\t<h2 class=\"elementor-heading-title elementor-size-default\">Qui\u00e9nes Somos<\/h2>\t\t\t\t<\/div>\n\t\t\t\t<\/div>\n\t\t\t\t\t<\/div>\n\t\t<\/div>\n\t\t\t\t\t<\/div>\n\t\t<\/section>\n\t\t\t\t<section class=\"elementor-section elementor-top-section elementor-element elementor-element-a43e874 elementor-section-boxed elementor-section-height-default elementor-section-height-default\" data-id=\"a43e874\" data-element_type=\"section\" data-e-type=\"section\">\n\t\t\t\t\t\t<div class=\"elementor-container elementor-column-gap-default\">\n\t\t\t\t\t<div class=\"elementor-column elementor-col-16 elementor-top-column elementor-element elementor-element-b851675 elementor-hidden-mobile\" data-id=\"b851675\" data-element_type=\"column\" data-e-type=\"column\">\n\t\t\t<div class=\"elementor-widget-wrap\">\n\t\t\t\t\t\t\t<\/div>\n\t\t<\/div>\n\t\t\t\t<div class=\"elementor-column elementor-col-66 elementor-top-column elementor-element elementor-element-6e0dba9\" data-id=\"6e0dba9\" data-element_type=\"column\" data-e-type=\"column\">\n\t\t\t<div class=\"elementor-widget-wrap elementor-element-populated\">\n\t\t\t\t\t\t<div class=\"elementor-element elementor-element-a729012 elementor-widget elementor-widget-spacer\" data-id=\"a729012\" data-element_type=\"widget\" data-e-type=\"widget\" data-widget_type=\"spacer.default\">\n\t\t\t\t<div class=\"elementor-widget-container\">\n\t\t\t\t\t\t\t<div class=\"elementor-spacer\">\n\t\t\t<div class=\"elementor-spacer-inner\"><\/div>\n\t\t<\/div>\n\t\t\t\t\t\t<\/div>\n\t\t\t\t<\/div>\n\t\t\t\t\t<\/div>\n\t\t<\/div>\n\t\t\t\t<div class=\"elementor-column elementor-col-16 elementor-top-column elementor-element elementor-element-8b74798 elementor-hidden-mobile\" data-id=\"8b74798\" data-element_type=\"column\" data-e-type=\"column\">\n\t\t\t<div class=\"elementor-widget-wrap\">\n\t\t\t\t\t\t\t<\/div>\n\t\t<\/div>\n\t\t\t\t\t<\/div>\n\t\t<\/section>\n\t\t\t\t<section class=\"elementor-section elementor-top-section elementor-element elementor-element-5d210de elementor-section-boxed elementor-section-height-default elementor-section-height-default\" data-id=\"5d210de\" data-element_type=\"section\" data-e-type=\"section\">\n\t\t\t\t\t\t<div class=\"elementor-container elementor-column-gap-default\">\n\t\t\t\t\t<div class=\"elementor-column elementor-col-16 elementor-top-column elementor-element elementor-element-2e6d13a\" data-id=\"2e6d13a\" data-element_type=\"column\" data-e-type=\"column\">\n\t\t\t<div class=\"elementor-widget-wrap\">\n\t\t\t\t\t\t\t<\/div>\n\t\t<\/div>\n\t\t\t\t<div class=\"elementor-column elementor-col-66 elementor-top-column elementor-element elementor-element-49884a3\" data-id=\"49884a3\" data-element_type=\"column\" data-e-type=\"column\">\n\t\t\t<div class=\"elementor-widget-wrap elementor-element-populated\">\n\t\t\t\t\t\t<div class=\"elementor-element elementor-element-e31001a elementor-widget elementor-widget-image\" data-id=\"e31001a\" data-element_type=\"widget\" data-e-type=\"widget\" data-widget_type=\"image.default\">\n\t\t\t\t<div class=\"elementor-widget-container\">\n\t\t\t\t\t\t\t\t\t\t\t\t\t\t\t<img fetchpriority=\"high\" decoding=\"async\" width=\"1536\" height=\"2048\" src=\"https:\/\/coastestatessotogrande.com\/wp-content\/uploads\/2024\/05\/WhatsApp-Image-2024-05-22-at-21.02.11-e1716457248513.jpeg\" class=\"attachment-full size-full wp-image-3576\" alt=\"\" style=\"width:100%;height:133.33%;max-width:1536px\" \/>\t\t\t\t\t\t\t\t\t\t\t\t\t\t\t<\/div>\n\t\t\t\t<\/div>\n\t\t\t\t<div class=\"elementor-element elementor-element-35ceba8 elementor-widget elementor-widget-text-editor\" data-id=\"35ceba8\" data-element_type=\"widget\" data-e-type=\"widget\" data-widget_type=\"text-editor.default\">\n\t\t\t\t<div class=\"elementor-widget-container\">\n\t\t\t\t\t\t\t\t\t<p><span style=\"font-weight: 400;\">Somos un peque\u00f1o equipo con una s\u00f3lida experiencia en todas las \u00e1reas del sector inmobiliario, y nos enorgullecemos de trabajar a un nivel cercano y personal con todos nuestros clientes.<\/span><\/p>\n\t\t\t\t\t\t\t\t<\/div>\n\t\t\t\t<\/div>\n\t\t\t\t<div class=\"elementor-element elementor-element-e61be75 elementor-widget elementor-widget-spacer\" data-id=\"e61be75\" data-element_type=\"widget\" data-e-type=\"widget\" data-widget_type=\"spacer.default\">\n\t\t\t\t<div class=\"elementor-widget-container\">\n\t\t\t\t\t\t\t<div class=\"elementor-spacer\">\n\t\t\t<div class=\"elementor-spacer-inner\"><\/div>\n\t\t<\/div>\n\t\t\t\t\t\t<\/div>\n\t\t\t\t<\/div>\n\t\t\t\t\t<\/div>\n\t\t<\/div>\n\t\t\t\t<div class=\"elementor-column elementor-col-16 elementor-top-column elementor-element elementor-element-0acbcbd\" data-id=\"0acbcbd\" data-element_type=\"column\" data-e-type=\"column\">\n\t\t\t<div class=\"elementor-widget-wrap\">\n\t\t\t\t\t\t\t<\/div>\n\t\t<\/div>\n\t\t\t\t\t<\/div>\n\t\t<\/section>\n\t\t\t\t<section class=\"elementor-section elementor-top-section elementor-element elementor-element-522f94d elementor-section-boxed elementor-section-height-default elementor-section-height-default\" data-id=\"522f94d\" data-element_type=\"section\" data-e-type=\"section\">\n\t\t\t\t\t\t<div class=\"elementor-container elementor-column-gap-default\">\n\t\t\t\t\t<div class=\"elementor-column elementor-col-33 elementor-top-column elementor-element elementor-element-90e5b13\" data-id=\"90e5b13\" data-element_type=\"column\" data-e-type=\"column\">\n\t\t\t<div class=\"elementor-widget-wrap elementor-element-populated\">\n\t\t\t\t\t\t<div class=\"elementor-element elementor-element-1b1f74b elementor-widget elementor-widget-image\" data-id=\"1b1f74b\" data-element_type=\"widget\" data-e-type=\"widget\" data-widget_type=\"image.default\">\n\t\t\t\t<div class=\"elementor-widget-container\">\n\t\t\t\t\t\t\t\t\t\t\t\t\t\t\t<img decoding=\"async\" src=\"https:\/\/coastestatessotogrande.com\/wp-content\/uploads\/2023\/09\/coast-estates-sotogrande-scaled-e1696354181520.jpg\" title=\"coast estates sotogrande\" alt=\"coast estates sotogrande\" loading=\"lazy\" \/>\t\t\t\t\t\t\t\t\t\t\t\t\t\t\t<\/div>\n\t\t\t\t<\/div>\n\t\t\t\t<div class=\"elementor-element elementor-element-f4aaf53 elementor-widget elementor-widget-heading\" data-id=\"f4aaf53\" data-element_type=\"widget\" data-e-type=\"widget\" data-widget_type=\"heading.default\">\n\t\t\t\t<div class=\"elementor-widget-container\">\n\t\t\t\t\t<h2 class=\"elementor-heading-title elementor-size-default\">Imaginativo. Experiencia internacional. Orientaci\u00f3n hacia las personas.<\/h2>\t\t\t\t<\/div>\n\t\t\t\t<\/div>\n\t\t\t\t\t<\/div>\n\t\t<\/div>\n\t\t\t\t<div class=\"elementor-column elementor-col-66 elementor-top-column elementor-element elementor-element-ce73779\" data-id=\"ce73779\" data-element_type=\"column\" data-e-type=\"column\">\n\t\t\t<div class=\"elementor-widget-wrap elementor-element-populated\">\n\t\t\t\t\t\t<div class=\"elementor-element elementor-element-ebe25cb elementor-widget elementor-widget-text-editor\" data-id=\"ebe25cb\" data-element_type=\"widget\" data-e-type=\"widget\" data-widget_type=\"text-editor.default\">\n\t\t\t\t<div class=\"elementor-widget-container\">\n\t\t\t\t\t\t\t\t\t<p><em><strong>Christina Stoldt<\/strong><\/em><\/p><p>Habiendo crecido con pasi\u00f3n por el sector inmobiliario, siempre hab\u00eda so\u00f1ado con dedicarme a esta profesi\u00f3n. Tras una larga estancia en Australia despu\u00e9s de finalizar el bachillerato, hice realidad mi sue\u00f1o y complet\u00e9 mis estudios como agente inmobiliario en el centro de la ciudad de Hamburgo. Posteriormente, asum\u00ed la responsabilidad del departamento de arrendamiento de propiedades alrededor del Alster en Engel &amp; V\u00f6lkers, donde adquir\u00ed una valiosa experiencia en el \u00e1mbito de los alquileres del sector inmobiliario. M\u00e1s adelante, tambi\u00e9n obtuve experiencia en la venta de inmuebles a trav\u00e9s de nuestra empresa familiar en Hamburgo, la cual se especializaba principalmente en la venta de propiedades. A principios de 2020, me traslad\u00e9 a Sotogrande, donde empec\u00e9 a trabajar en la agencia inmobiliaria Noll Sotogrande, lo que me permiti\u00f3 aprender mucho sobre el mercado inmobiliario espa\u00f1ol y la legislaci\u00f3n inmobiliaria en Espa\u00f1a.<\/p>\t\t\t\t\t\t\t\t<\/div>\n\t\t\t\t<\/div>\n\t\t\t\t\t<\/div>\n\t\t<\/div>\n\t\t\t\t\t<\/div>\n\t\t<\/section>\n\t\t\t\t<section class=\"elementor-section elementor-top-section elementor-element elementor-element-68c3f97 elementor-section-boxed elementor-section-height-default elementor-section-height-default\" data-id=\"68c3f97\" data-element_type=\"section\" data-e-type=\"section\">\n\t\t\t\t\t\t<div class=\"elementor-container elementor-column-gap-default\">\n\t\t\t\t\t<div class=\"elementor-column elementor-col-100 elementor-top-column elementor-element elementor-element-02ac010\" data-id=\"02ac010\" data-element_type=\"column\" data-e-type=\"column\">\n\t\t\t<div class=\"elementor-widget-wrap elementor-element-populated\">\n\t\t\t\t\t\t<div class=\"elementor-element elementor-element-251d3df elementor-widget elementor-widget-spacer\" data-id=\"251d3df\" data-element_type=\"widget\" data-e-type=\"widget\" data-widget_type=\"spacer.default\">\n\t\t\t\t<div class=\"elementor-widget-container\">\n\t\t\t\t\t\t\t<div class=\"elementor-spacer\">\n\t\t\t<div class=\"elementor-spacer-inner\"><\/div>\n\t\t<\/div>\n\t\t\t\t\t\t<\/div>\n\t\t\t\t<\/div>\n\t\t\t\t\t<\/div>\n\t\t<\/div>\n\t\t\t\t\t<\/div>\n\t\t<\/section>\n\t\t\t\t<section class=\"elementor-section elementor-top-section elementor-element elementor-element-d62d8a5 elementor-section-boxed elementor-section-height-default elementor-section-height-default\" data-id=\"d62d8a5\" data-element_type=\"section\" data-e-type=\"section\">\n\t\t\t\t\t\t<div class=\"elementor-container elementor-column-gap-default\">\n\t\t\t\t\t<div class=\"elementor-column elementor-col-33 elementor-top-column elementor-element elementor-element-92faaf5\" data-id=\"92faaf5\" data-element_type=\"column\" data-e-type=\"column\">\n\t\t\t<div class=\"elementor-widget-wrap elementor-element-populated\">\n\t\t\t\t\t\t<div class=\"elementor-element elementor-element-5ff8a5c elementor-widget elementor-widget-image\" data-id=\"5ff8a5c\" data-element_type=\"widget\" data-e-type=\"widget\" data-widget_type=\"image.default\">\n\t\t\t\t<div class=\"elementor-widget-container\">\n\t\t\t\t\t\t\t\t\t\t\t\t\t\t\t<img decoding=\"async\" src=\"https:\/\/coastestatessotogrande.com\/wp-content\/uploads\/2023\/09\/Untitled-design-1.png\" title=\"Untitled design (1)\" alt=\"Untitled design (1)\" loading=\"lazy\" \/>\t\t\t\t\t\t\t\t\t\t\t\t\t\t\t<\/div>\n\t\t\t\t<\/div>\n\t\t\t\t<div class=\"elementor-element elementor-element-77c6bdf elementor-widget elementor-widget-heading\" data-id=\"77c6bdf\" data-element_type=\"widget\" data-e-type=\"widget\" data-widget_type=\"heading.default\">\n\t\t\t\t<div class=\"elementor-widget-container\">\n\t\t\t\t\t<h2 class=\"elementor-heading-title elementor-size-default\">Din\u00e1mico. Fiable. Positivo.<\/h2>\t\t\t\t<\/div>\n\t\t\t\t<\/div>\n\t\t\t\t\t<\/div>\n\t\t<\/div>\n\t\t\t\t<div class=\"elementor-column elementor-col-66 elementor-top-column elementor-element elementor-element-fce8b52\" data-id=\"fce8b52\" data-element_type=\"column\" data-e-type=\"column\">\n\t\t\t<div class=\"elementor-widget-wrap elementor-element-populated\">\n\t\t\t\t\t\t<div class=\"elementor-element elementor-element-9f09ee2 elementor-widget elementor-widget-text-editor\" data-id=\"9f09ee2\" data-element_type=\"widget\" data-e-type=\"widget\" data-widget_type=\"text-editor.default\">\n\t\t\t\t<div class=\"elementor-widget-container\">\n\t\t\t\t\t\t\t\t\t<p><strong><em>Jos\u00e9 Antonio Mar\u00edn Garc\u00eda<\/em><\/strong><\/p><p>Empec\u00e9 mi carrera en el departamento de ventas de Sotogrande SA, donde logr\u00e9 vender exitosamente unidades en la Marina y La Reserva. Este cargo me proporcion\u00f3 una s\u00f3lida experiencia en la comercializaci\u00f3n y venta de propiedades tur\u00edsticas. M\u00e1s tarde, en Sotogrande SA, fui designado como Jefe de Guest Relations con los clientes de las villas, una posici\u00f3n que requer\u00eda gran atenci\u00f3n al detalle, precisi\u00f3n y exactitud, as\u00ed como una enorme responsabilidad y una actitud positiva, todo ello enmarcado en una fuerte personalidad enfocada en el cliente. Debido a mi pasi\u00f3n por el sector inmobiliario, particularmente en propiedades de lujo y complejos tur\u00edsticos, decid\u00ed enfocarme en esta \u00e1rea del negocio. Me embarqu\u00e9 en una nueva aventura en Engel &amp; Voelker&#8217;s Resort en Hamburgo, donde vend\u00ed propiedades de vacaciones internacionales en Canad\u00e1, Espa\u00f1a y Portugal, adquiriendo una valiosa experiencia en la venta de segundas residencias y inversiones inmobiliarias vacacionales.<\/p>\t\t\t\t\t\t\t\t<\/div>\n\t\t\t\t<\/div>\n\t\t\t\t\t<\/div>\n\t\t<\/div>\n\t\t\t\t\t<\/div>\n\t\t<\/section>\n\t\t\t\t<section class=\"elementor-section elementor-top-section elementor-element elementor-element-bf0913d elementor-section-boxed elementor-section-height-default elementor-section-height-default\" data-id=\"bf0913d\" data-element_type=\"section\" data-e-type=\"section\">\n\t\t\t\t\t\t<div class=\"elementor-container elementor-column-gap-default\">\n\t\t\t\t\t<div class=\"elementor-column elementor-col-100 elementor-top-column elementor-element elementor-element-a24bc6b\" data-id=\"a24bc6b\" data-element_type=\"column\" data-e-type=\"column\">\n\t\t\t<div class=\"elementor-widget-wrap elementor-element-populated\">\n\t\t\t\t\t\t<div class=\"elementor-element elementor-element-06a9f99 elementor-widget elementor-widget-spacer\" data-id=\"06a9f99\" data-element_type=\"widget\" data-e-type=\"widget\" data-widget_type=\"spacer.default\">\n\t\t\t\t<div class=\"elementor-widget-container\">\n\t\t\t\t\t\t\t<div class=\"elementor-spacer\">\n\t\t\t<div class=\"elementor-spacer-inner\"><\/div>\n\t\t<\/div>\n\t\t\t\t\t\t<\/div>\n\t\t\t\t<\/div>\n\t\t\t\t\t<\/div>\n\t\t<\/div>\n\t\t\t\t\t<\/div>\n\t\t<\/section>\n\t\t\t\t<section class=\"elementor-section elementor-top-section elementor-element elementor-element-ce80931 elementor-section-boxed elementor-section-height-default elementor-section-height-default\" data-id=\"ce80931\" data-element_type=\"section\" data-e-type=\"section\">\n\t\t\t\t\t\t<div class=\"elementor-container elementor-column-gap-default\">\n\t\t\t\t\t<div class=\"elementor-column elementor-col-33 elementor-top-column elementor-element elementor-element-3d70b76\" data-id=\"3d70b76\" data-element_type=\"column\" data-e-type=\"column\">\n\t\t\t<div class=\"elementor-widget-wrap elementor-element-populated\">\n\t\t\t\t\t\t<div class=\"elementor-element elementor-element-3890419 elementor-widget elementor-widget-image\" data-id=\"3890419\" data-element_type=\"widget\" data-e-type=\"widget\" data-widget_type=\"image.default\">\n\t\t\t\t<div class=\"elementor-widget-container\">\n\t\t\t\t\t\t\t\t\t\t\t\t\t\t\t<img decoding=\"async\" src=\"https:\/\/coastestatessotogrande.com\/wp-content\/uploads\/2023\/09\/Team-coast-estates-Sotogrande-1.jpg\" title=\"Team coast estates Sotogrande\" alt=\"Team coast estates Sotogrande\" loading=\"lazy\" \/>\t\t\t\t\t\t\t\t\t\t\t\t\t\t\t<\/div>\n\t\t\t\t<\/div>\n\t\t\t\t<div class=\"elementor-element elementor-element-f67cbfe elementor-widget elementor-widget-heading\" data-id=\"f67cbfe\" data-element_type=\"widget\" data-e-type=\"widget\" data-widget_type=\"heading.default\">\n\t\t\t\t<div class=\"elementor-widget-container\">\n\t\t\t\t\t<h2 class=\"elementor-heading-title elementor-size-default\">Profesional. Eficiente. Experiencia internacional.<\/h2>\t\t\t\t<\/div>\n\t\t\t\t<\/div>\n\t\t\t\t\t<\/div>\n\t\t<\/div>\n\t\t\t\t<div class=\"elementor-column elementor-col-66 elementor-top-column elementor-element elementor-element-111297b\" data-id=\"111297b\" data-element_type=\"column\" data-e-type=\"column\">\n\t\t\t<div class=\"elementor-widget-wrap elementor-element-populated\">\n\t\t\t\t\t\t<div class=\"elementor-element elementor-element-acec769 elementor-widget elementor-widget-text-editor\" data-id=\"acec769\" data-element_type=\"widget\" data-e-type=\"widget\" data-widget_type=\"text-editor.default\">\n\t\t\t\t<div class=\"elementor-widget-container\">\n\t\t\t\t\t\t\t\t\t<p><b><i>Kerstin Stoldt<\/i><\/b><\/p>\n<p><span style=\"font-weight: 400;\">Llevo m\u00e1s de 30 a\u00f1os alquilando y vendiendo inmuebles. Al principio de forma privada y a amigos, pero m\u00e1s tarde convert\u00ed mi afici\u00f3n en un trabajo y fui intermediario inmobiliario para Engel &amp; V\u00f6lker&#8217;s durante muchos a\u00f1os, primero en Hamburgo y luego en Mallorca. Esta experiencia en el extranjero fue un gran complemento a mi larga carrera en derecho inmobiliario, contrataci\u00f3n y construcci\u00f3n. Tras adquirir toda esta experiencia, asum\u00ed el cargo de director gerente de una empresa constructora en Hamburgo y dise\u00f1\u00e9, desarroll\u00e9 y constru\u00ed viviendas. Tengo un profundo conocimiento de todas las \u00e1reas del sector inmobiliario y enfoque \u00about of the box\u00bb en cada proyecto y aplicar el concepto inmobiliario adecuado para su situaci\u00f3n muy personal.<\/span><\/p>\t\t\t\t\t\t\t\t<\/div>\n\t\t\t\t<\/div>\n\t\t\t\t<div class=\"elementor-element elementor-element-267cebd elementor-widget elementor-widget-spacer\" data-id=\"267cebd\" data-element_type=\"widget\" data-e-type=\"widget\" data-widget_type=\"spacer.default\">\n\t\t\t\t<div class=\"elementor-widget-container\">\n\t\t\t\t\t\t\t<div class=\"elementor-spacer\">\n\t\t\t<div class=\"elementor-spacer-inner\"><\/div>\n\t\t<\/div>\n\t\t\t\t\t\t<\/div>\n\t\t\t\t<\/div>\n\t\t\t\t\t<\/div>\n\t\t<\/div>\n\t\t\t\t\t<\/div>\n\t\t<\/section>\n\t\t\t\t<section class=\"elementor-section elementor-top-section elementor-element elementor-element-11a0dad elementor-section-height-min-height elementor-section-boxed elementor-section-height-default elementor-section-items-middle\" data-id=\"11a0dad\" data-element_type=\"section\" data-e-type=\"section\" data-settings=\"{&quot;background_background&quot;:&quot;classic&quot;}\">\n\t\t\t\t\t\t<div class=\"elementor-container elementor-column-gap-default\">\n\t\t\t\t\t<div class=\"elementor-column elementor-col-100 elementor-top-column elementor-element elementor-element-28a8a39\" data-id=\"28a8a39\" data-element_type=\"column\" data-e-type=\"column\">\n\t\t\t<div class=\"elementor-widget-wrap elementor-element-populated\">\n\t\t\t\t\t\t<div class=\"elementor-element elementor-element-c790336 elementor-widget elementor-widget-heading\" data-id=\"c790336\" data-element_type=\"widget\" data-e-type=\"widget\" data-widget_type=\"heading.default\">\n\t\t\t\t<div class=\"elementor-widget-container\">\n\t\t\t\t\t<h2 class=\"elementor-heading-title elementor-size-default\">Deje de buscar, Comience a vivir<\/h2>\t\t\t\t<\/div>\n\t\t\t\t<\/div>\n\t\t\t\t<div class=\"elementor-element elementor-element-ab90c2c elementor-align-left elementor-widget elementor-widget-button\" data-id=\"ab90c2c\" data-element_type=\"widget\" data-e-type=\"widget\" data-widget_type=\"button.default\">\n\t\t\t\t<div class=\"elementor-widget-container\">\n\t\t\t\t\t\t\t\t\t<div class=\"elementor-button-wrapper\">\n\t\t\t\t\t<a class=\"elementor-button elementor-button-link elementor-size-lg\" href=\"http:\/\/coastestatessotogrande.com\/contact\/\">\n\t\t\t\t\t\t<span class=\"elementor-button-content-wrapper\">\n\t\t\t\t\t\t\t\t\t<span class=\"elementor-button-text\">CONTACTO<\/span>\n\t\t\t\t\t<\/span>\n\t\t\t\t\t<\/a>\n\t\t\t\t<\/div>\n\t\t\t\t\t\t\t\t<\/div>\n\t\t\t\t<\/div>\n\t\t\t\t\t<\/div>\n\t\t<\/div>\n\t\t\t\t\t<\/div>\n\t\t<\/section>\n\t\t\t\t<\/div>\n\t\t","protected":false},"excerpt":{"rendered":"<p>Qui\u00e9nes Somos Somos un peque\u00f1o equipo con una s\u00f3lida experiencia en todas las \u00e1reas del sector inmobiliario, y nos enorgullecemos de trabajar a un nivel cercano y personal con todos nuestros clientes. Imaginativo. Experiencia internacional. Orientaci\u00f3n hacia las personas. Christina Stoldt Habiendo crecido con pasi\u00f3n por el sector inmobiliario, siempre hab\u00eda so\u00f1ado con dedicarme a&hellip; <a class=\"more-link\" href=\"https:\/\/coastestatessotogrande.com\/es\/quienes-somos\/\">Seguir leyendo <span class=\"screen-reader-text\">Qui\u00e9nes somos<\/span><\/a><\/p>\n","protected":false},"author":10,"featured_media":3576,"parent":0,"menu_order":0,"comment_status":"closed","ping_status":"closed","template":"elementor_header_footer","meta":{"footnotes":""},"class_list":["post-1768","page","type-page","status-publish","has-post-thumbnail","hentry","entry"],"_links":{"self":[{"href":"https:\/\/coastestatessotogrande.com\/es\/wp-json\/wp\/v2\/pages\/1768","targetHints":{"allow":["GET"]}}],"collection":[{"href":"https:\/\/coastestatessotogrande.com\/es\/wp-json\/wp\/v2\/pages"}],"about":[{"href":"https:\/\/coastestatessotogrande.com\/es\/wp-json\/wp\/v2\/types\/page"}],"author":[{"embeddable":true,"href":"https:\/\/coastestatessotogrande.com\/es\/wp-json\/wp\/v2\/users\/10"}],"replies":[{"embeddable":true,"href":"https:\/\/coastestatessotogrande.com\/es\/wp-json\/wp\/v2\/comments?post=1768"}],"version-history":[{"count":17,"href":"https:\/\/coastestatessotogrande.com\/es\/wp-json\/wp\/v2\/pages\/1768\/revisions"}],"predecessor-version":[{"id":5097,"href":"https:\/\/coastestatessotogrande.com\/es\/wp-json\/wp\/v2\/pages\/1768\/revisions\/5097"}],"wp:featuredmedia":[{"embeddable":true,"href":"https:\/\/coastestatessotogrande.com\/es\/wp-json\/wp\/v2\/media\/3576"}],"wp:attachment":[{"href":"https:\/\/coastestatessotogrande.com\/es\/wp-json\/wp\/v2\/media?parent=1768"}],"curies":[{"name":"wp","href":"https:\/\/api.w.org\/{rel}","templated":true}]}}